{"id":2,"date":"2024-01-20T17:24:57","date_gmt":"2024-01-20T17:24:57","guid":{"rendered":"https:\/\/ptice.podbukovc.si\/?page_id=2"},"modified":"2024-03-27T09:36:59","modified_gmt":"2024-03-27T08:36:59","slug":"domov","status":"publish","type":"page","link":"https:\/\/ptice.podbukovc.si\/","title":{"rendered":"Domov"},"content":{"rendered":"<p>[et_pb_section fb_built=&#8221;1&#8243; admin_label=&#8221;Header&#8221; _builder_version=&#8221;4.24.2&#8243; _module_preset=&#8221;default&#8221; background_enable_color=&#8221;off&#8221; background_image=&#8221;https:\/\/ptice.podbukovc.si\/wp-content\/uploads\/2024\/03\/jay-1489839a.jpg&#8221; background_position=&#8221;top_center&#8221; min_height=&#8221;1020px&#8221; custom_padding=&#8221;29px|||||&#8221; collapsed=&#8221;on&#8221; global_colors_info=&#8221;{}&#8221;][et_pb_row _builder_version=&#8221;4.24.2&#8243; _module_preset=&#8221;default&#8221; module_alignment=&#8221;center&#8221; custom_margin=&#8221;||||false|false&#8221; global_colors_info=&#8221;{}&#8221;][et_pb_column type=&#8221;4_4&#8243; _builder_version=&#8221;4.24.2&#8243; _module_preset=&#8221;default&#8221; global_colors_info=&#8221;{}&#8221;][et_pb_text _builder_version=&#8221;4.24.2&#8243; _module_preset=&#8221;cccfc829-1e1f-4529-8b95-5c8c70809ce9&#8243; header_text_align=&#8221;center&#8221; header_text_color=&#8221;gcid-172090ef-7f3f-4620-b2ce-f7fbc4ceb2d6&#8243; background_color=&#8221;gcid-44a2432d-0d5f-4936-b18e-1d8ff0643d31&#8243; text_orientation=&#8221;center&#8221; max_width=&#8221;710px&#8221; module_alignment=&#8221;center&#8221; custom_margin=&#8221;||0px||false|false&#8221; custom_padding=&#8221;||20px||false|false&#8221; hover_enabled=&#8221;0&#8243; border_radii=&#8221;off|20px|20px||&#8221; global_colors_info=&#8221;{%22gcid-44a2432d-0d5f-4936-b18e-1d8ff0643d31%22:%91%22background_color%22%93,%22gcid-172090ef-7f3f-4620-b2ce-f7fbc4ceb2d6%22:%91%22header_text_color%22%93}&#8221; sticky_enabled=&#8221;0&#8243; text_font=&#8221;Playfair Display||||||||&#8221; text_font_size=&#8221;43px&#8221; text_text_color=&#8221;#000000&#8243;]<\/p>\n<h1>Dolo\u010devalni klju\u010d<\/h1>\n<p>za ptice Poljanske doline<\/p>\n<p>[\/et_pb_text][et_pb_text _builder_version=&#8221;4.24.2&#8243; _module_preset=&#8221;b9c2e7c6-6bfc-41fc-8c94-cabdaec01d86&#8243; text_font=&#8221;Open Sans||||||||&#8221; text_text_color=&#8221;gcid-172090ef-7f3f-4620-b2ce-f7fbc4ceb2d6&#8243; background_color=&#8221;gcid-44a2432d-0d5f-4936-b18e-1d8ff0643d31&#8243; text_orientation=&#8221;center&#8221; max_width=&#8221;890px&#8221; module_alignment=&#8221;center&#8221; custom_padding=&#8221;20px|20px|20px|20px|false|false&#8221; hover_enabled=&#8221;0&#8243; border_radii=&#8221;off|20px|20px|20px|20px&#8221; global_colors_info=&#8221;{%22gcid-44a2432d-0d5f-4936-b18e-1d8ff0643d31%22:%91%22background_color%22%93,%22gcid-172090ef-7f3f-4620-b2ce-f7fbc4ceb2d6%22:%91%22text_text_color%22%93}&#8221; sticky_enabled=&#8221;0&#8243;]<\/p>\n<p>Dolo\u010devalni klju\u010d je orodje, ki vam na podlagi zna\u010dilnosti opazovane ptice pomaga dolo\u010diti, za katero vrsto gre. Njegov namen je pribli\u017eati prebivalce Poljanske doline del\u010dku narave, ki ga sli\u0161ijo vsak dan.<\/p>\n<p><span>Uporabite ga tako, da spodaj na strani izmed zna\u010dilnosti ptic izberete tisto, ki najbolj ustreza ptici, ki jo opazujete. S klikom na ime ptice lahko o njej izveste nekaj osnovnih informacij.<\/span><\/p>\n<p>[\/et_pb_text][et_pb_button button_url=&#8221;#kljuc&#8221; button_text=&#8221;Za\u010dni&#8221; button_alignment=&#8221;center&#8221; _builder_version=&#8221;4.24.2&#8243; _module_preset=&#8221;886e14f4-571e-4bc3-8553-69aa8cc9cc34&#8243; button_text_size=&#8221;16px&#8221; button_text_color=&#8221;gcid-172090ef-7f3f-4620-b2ce-f7fbc4ceb2d6&#8243; button_bg_color=&#8221;gcid-8132e9a1-5601-48e8-a87f-bb0687a07930&#8243; button_letter_spacing=&#8221;2px&#8221; button_font=&#8221;|700||on|||||&#8221; custom_margin=&#8221;||||false|false&#8221; custom_padding=&#8221;15px|50px|15px|50px|true|true&#8221; global_colors_info=&#8221;{%22gcid-172090ef-7f3f-4620-b2ce-f7fbc4ceb2d6%22:%91%22button_text_color%22%93,%22gcid-8132e9a1-5601-48e8-a87f-bb0687a07930%22:%91%22button_bg_color%22%93}&#8221;][\/et_pb_button][\/et_pb_column][\/et_pb_row][\/et_pb_section][et_pb_section fb_built=&#8221;1&#8243; admin_label=&#8221;Products&#8221; module_id=&#8221;kljuc&#8221; _builder_version=&#8221;4.24.2&#8243; _module_preset=&#8221;default&#8221; background_color=&#8221;gcid-44a2432d-0d5f-4936-b18e-1d8ff0643d31&#8243; collapsed=&#8221;on&#8221; global_colors_info=&#8221;{%22gcid-44a2432d-0d5f-4936-b18e-1d8ff0643d31%22:%91%22background_color%22%93}&#8221;][et_pb_row _builder_version=&#8221;4.24.2&#8243; _module_preset=&#8221;default&#8221; global_colors_info=&#8221;{}&#8221;][et_pb_column type=&#8221;4_4&#8243; _builder_version=&#8221;4.24.2&#8243; _module_preset=&#8221;default&#8221; global_colors_info=&#8221;{}&#8221;][et_pb_text _builder_version=&#8221;4.24.2&#8243; _module_preset=&#8221;default&#8221; header_2_font=&#8221;|700|||||||&#8221; custom_margin=&#8221;||0px||false|false&#8221; global_colors_info=&#8221;{}&#8221;]<\/p>\n<h2>Prevladujo\u010da barva<\/h2>\n<p>[\/et_pb_text][et_pb_filterable_portfolio fullwidth=&#8221;off&#8221; posts_number=&#8221;16&#8243; include_categories=&#8221;19,20,21,36,38,35,39,37&#8243; show_categories=&#8221;off&#8221; _builder_version=&#8221;4.24.2&#8243; _module_preset=&#8221;default&#8221; title_font_size=&#8221;20px&#8221; title_line_height=&#8221;0em&#8221; text_orientation=&#8221;left&#8221; custom_margin=&#8221;|||30px|false|false&#8221; global_colors_info=&#8221;{}&#8221;][\/et_pb_filterable_portfolio][et_pb_text _builder_version=&#8221;4.24.2&#8243; _module_preset=&#8221;default&#8221; header_2_font=&#8221;|700|||||||&#8221; background_color=&#8221;#FFFFFF&#8221; custom_margin=&#8221;||0px||false|false&#8221; global_colors_info=&#8221;{}&#8221;]<\/p>\n<h2>Velikost<\/h2>\n<p>[\/et_pb_text][et_pb_filterable_portfolio fullwidth=&#8221;off&#8221; posts_number=&#8221;16&#8243; include_categories=&#8221;24,25,27,28,23,26&#8243; show_categories=&#8221;off&#8221; _builder_version=&#8221;4.24.2&#8243; _module_preset=&#8221;default&#8221; title_font_size=&#8221;20px&#8221; title_line_height=&#8221;0em&#8221; background_color=&#8221;#FFFFFF&#8221; custom_padding=&#8221;|||30px|false|false&#8221; global_colors_info=&#8221;{}&#8221;][\/et_pb_filterable_portfolio][et_pb_text _builder_version=&#8221;4.24.2&#8243; _module_preset=&#8221;default&#8221; header_2_font=&#8221;|700|||||||&#8221; custom_margin=&#8221;||0px||false|false&#8221; global_colors_info=&#8221;{}&#8221;]<\/p>\n<h2>Habitat<\/h2>\n<p>[\/et_pb_text][et_pb_filterable_portfolio fullwidth=&#8221;off&#8221; posts_number=&#8221;16&#8243; include_categories=&#8221;33,32,34,46,45&#8243; show_categories=&#8221;off&#8221; _builder_version=&#8221;4.24.2&#8243; _module_preset=&#8221;default&#8221; title_font_size=&#8221;20px&#8221; title_line_height=&#8221;0em&#8221; custom_padding=&#8221;|||30px|false|false&#8221; global_colors_info=&#8221;{}&#8221;][\/et_pb_filterable_portfolio][et_pb_text _builder_version=&#8221;4.24.2&#8243; _module_preset=&#8221;default&#8221; header_2_font=&#8221;|700|||||||&#8221; background_color=&#8221;#FFFFFF&#8221; custom_margin=&#8221;||0px||false|false&#8221; global_colors_info=&#8221;{}&#8221;]<\/p>\n<h2>Ogla\u0161anje<\/h2>\n<p>[\/et_pb_text][et_pb_filterable_portfolio fullwidth=&#8221;off&#8221; posts_number=&#8221;16&#8243; include_categories=&#8221;30,42,44,40,22,41,43&#8243; show_categories=&#8221;off&#8221; _builder_version=&#8221;4.24.2&#8243; _module_preset=&#8221;default&#8221; title_font_size=&#8221;20px&#8221; title_line_height=&#8221;0em&#8221; background_color=&#8221;#FFFFFF&#8221; custom_padding=&#8221;|||30px|false|false&#8221; global_colors_info=&#8221;{}&#8221;][\/et_pb_filterable_portfolio][\/et_pb_column][\/et_pb_row][\/et_pb_section]<\/p>\n","protected":false},"excerpt":{"rendered":"<p>Dolo\u010devalni klju\u010d za ptice Poljanske dolineDolo\u010devalni klju\u010d je orodje, ki vam na podlagi zna\u010dilnosti opazovane ptice pomaga dolo\u010diti, za katero vrsto gre. Njegov namen je pribli\u017eati prebivalce Poljanske doline del\u010dku narave, ki ga sli\u0161ijo vsak dan. Uporabite ga tako, da spodaj na strani izmed zna\u010dilnosti ptic izberete tisto, ki najbolj ustreza ptici, ki jo opazujete. [&hellip;]<\/p>\n","protected":false},"author":1,"featured_media":0,"parent":0,"menu_order":0,"comment_status":"closed","ping_status":"closed","template":"","meta":{"_et_pb_use_builder":"on","_et_pb_old_content":"<!-- wp:paragraph -->\n<p>This is an example page. It's different from a blog post because it will stay in one place and will show up in your site navigation (in most themes). Most people start with an About page that introduces them to potential site visitors. It might say something like this:<\/p>\n<!-- \/wp:paragraph -->\n\n<!-- wp:quote -->\n<blockquote class=\"wp-block-quote\"><p>Hi there! I'm a bike messenger by day, aspiring actor by night, and this is my website. I live in Los Angeles, have a great dog named Jack, and I like pi&#241;a coladas. (And gettin' caught in the rain.)<\/p><\/blockquote>\n<!-- \/wp:quote -->\n\n<!-- wp:paragraph -->\n<p>...or something like this:<\/p>\n<!-- \/wp:paragraph -->\n\n<!-- wp:quote -->\n<blockquote class=\"wp-block-quote\"><p>The XYZ Doohickey Company was founded in 1971, and has been providing quality doohickeys to the public ever since. Located in Gotham City, XYZ employs over 2,000 people and does all kinds of awesome things for the Gotham community.<\/p><\/blockquote>\n<!-- \/wp:quote -->\n\n<!-- wp:paragraph -->\n<p>As a new WordPress user, you should go to <a href=\"https:\/\/ptice.podbukovc.si\/wp-admin\/\">your dashboard<\/a> to delete this page and create new pages for your content. Have fun!<\/p>\n<!-- \/wp:paragraph -->","_et_gb_content_width":"","footnotes":""},"_links":{"self":[{"href":"https:\/\/ptice.podbukovc.si\/index.php\/wp-json\/wp\/v2\/pages\/2"}],"collection":[{"href":"https:\/\/ptice.podbukovc.si\/index.php\/wp-json\/wp\/v2\/pages"}],"about":[{"href":"https:\/\/ptice.podbukovc.si\/index.php\/wp-json\/wp\/v2\/types\/page"}],"author":[{"embeddable":true,"href":"https:\/\/ptice.podbukovc.si\/index.php\/wp-json\/wp\/v2\/users\/1"}],"replies":[{"embeddable":true,"href":"https:\/\/ptice.podbukovc.si\/index.php\/wp-json\/wp\/v2\/comments?post=2"}],"version-history":[{"count":30,"href":"https:\/\/ptice.podbukovc.si\/index.php\/wp-json\/wp\/v2\/pages\/2\/revisions"}],"predecessor-version":[{"id":331,"href":"https:\/\/ptice.podbukovc.si\/index.php\/wp-json\/wp\/v2\/pages\/2\/revisions\/331"}],"wp:attachment":[{"href":"https:\/\/ptice.podbukovc.si\/index.php\/wp-json\/wp\/v2\/media?parent=2"}],"curies":[{"name":"wp","href":"https:\/\/api.w.org\/{rel}","templated":true}]}}